{"id":71,"date":"2016-04-19T09:32:58","date_gmt":"2016-04-19T09:32:58","guid":{"rendered":"http:\/\/psychoneuroimmunologie-madhupatel.de\/?page_id=71"},"modified":"2016-06-13T15:59:17","modified_gmt":"2016-06-13T15:59:17","slug":"arbeit-leistungen","status":"publish","type":"page","link":"https:\/\/psychoneuroimmunologie-madhupatel.de\/it\/arbeit-leistungen\/","title":{"rendered":"Il mio lavoro e dei servizi"},"content":{"rendered":"<p><\/p>\n<blockquote><p>Il Potere del Cervello Umano e della Mente e un Approccio Integrale o Olistico per avere Salute e Successo nella Vita attraverso la Scienza della Psiconeuroimmunologia.<\/p><\/blockquote>\n<h2>Introduzione<\/h2>\n<p>L\u2019Umanit\u00e0 sta attraversando un importante periodo di cambiamenti di carattere sociale, politico, emotivo, economico e ambientale. Questo periodo crea esternamente nel mondo materiale uno stato di confusione e in ogni essere umano uno stato interiore di insicurezza, preoccupazione, ansiet\u00e0, paura e instabilit\u00e0. Da ci\u00f2 deriva un alto tasso di problemi di salute sia da parte delle persone ancora in attivit\u00e0 sia nel pubblico, con conseguente aumento della richiesta di servizi sanitari. Il mondo degli affari e l\u2019industria subiscono perdite economiche dovute ad una diminuzione di produttivit\u00e0, ad alti tassi di assenteismo che possono causare la chiusura di imprese con relativo aumento della disoccupazione. Tali sconquassi e cambiamenti nel mondo favoriscono l\u2019insorgere di vari problemi che hanno un impatto significativo sulla salute e sul benessere in generale. Una buona salute e benessere sono fattori fondamentali per la sopravvivenza, la crescita e l\u2019evoluzione di questa Creazione Divina (il nostro mondo), pertanto, gli \u201cEsseri Umani in buona salute\u201d sono l\u2019inizio di ogni cosa sul pianeta terra.<\/p>\n<p>La mia definizione di buona salute \u00e8 basata sulla mia esperienza fisica e emozionale, oltre a quella riferita dai miei pazienti e clienti. Naturalmente, la buona salute non \u00e8 solo l\u2019assenza di malattia nel corpo fisico. In parole semplici definisco \u201cbuona salute\u201d uno stato di benessere che ogni individuo sperimenta quando \u00e8 totalmente soddisfatto della sua vita da un punto di vista fisico, mentale, emozionale, psicologico, economico, materiale, sociale e spirituale. Una vita che chiamo \u201cVita Integrale\u201d. In altre parole, la buona salute \u00e8 una combinazione armoniosa di diversi fattori che riguardano il corpo fisico e quello psichico.<\/p>\n<h2>I Poteri del Cervello Umano e della Mente \u2013 La Scienza Medica della Psiconeuroimmunologia<\/h2>\n<p>Il cervello \u00e8 molecolare mentre la mente \u00e8 non-molecolare. I pensieri hanno origine nel cervello, sono cerebrali. Il cervello \u00e8 la sorgente delle emozioni. La Mente ha origine nell\u2019Anima (energia della vita). Le ispirazioni nobili sorgono dalla mente. Chiamo Mente la voce dell\u2019Anima dell\u2019uomo. Le diverse facolt\u00e0 del cervello e della mente interagiscono tra di loro attraverso processi che riguardano reazioni fisiche e biologiche e attraverso Energie Occulte personali e cosmiche (occulte o invisibili dall\u2019occhio umano).<\/p>\n<p>La Mente e il Cervello sono gli attori principali nel processo di conseguimento e mantenimento di un armonioso equilibrio del corpo, e per te nel vivere una vita di Salute Integrale, cio\u00e8 una vita di soddisfazione permanente. Tuttavia, la Mente e il Cervello sono i principali artefici dello stato di malattia. Storicamente, la medicina nella societ\u00e0 moderna, ha definito la sua missione in termini di cura della malattia trascurando il malessere (trattare le condizioni mediche ignorando lo stato emotivo della persona); in altre parole, ignorando i rapporti di reciproca influenza a relazione tra mente e corpo e l\u2019interrelazione delle diverse facolt\u00e0.<\/p>\n<p>L\u2019interrelazione tra gli stati mentali e la fisiologia umana erano sconosciuti fino a quando Robert Ader, direttore della divisione di medicina psicosociale e comportamentale dell\u2019Universit\u00e0 di Rochester a New York, scopr\u00ec abbastanza recentemente, che il sistema immunitario, come anche il cervello, era in grado di apprendere. La sua scoperta fu uno shock; la prevalente sapienza della medicina sosteneva che solo il cervello e il sistema nervoso centrale potessero reagire all\u2019esperienza cambiando il loro comportamento. La scoperta di Ader port\u00f2 a ricercare le miriadi di modi in cui il sistema nervoso centrale e il sistema immunitario si influenzano e comunicano \u2013 la direzione biologica della mente, delle emozioni e del corpo, non separatamente ma intimamente intrecciati.<\/p>\n<p>Il neurobiologo Francisco Varela, alla Ecole Politechnique di Parigi, scopr\u00ec che il sistema immunitario sembrava essere \u201cil cervello del corpo\u201d, definendo il senso di s\u00e9 del corpo, di ci\u00f2 che gli appartiene e di ci\u00f2 che non gli appartiene. Le cellule immunitarie viaggiano nel flusso sanguigno attraverso tutto il corpo, prendendo contatto con ogni altra cellula. Le cellule riconosciute sono lasciate mentre quelle non riconosciute vengono attaccate. L\u2019attacco ci difende dai virus, dai batteri e dal cancro o, se le cellule immunitarie non riconoscono alcune cellule, creano malattie autoimmuni come allergie o lupus. Fino al giorno in cui Ader fece la sua inaspettata scoperta, la medicina credeva che il cervello (con le sue estensioni attraverso il corpo) e il sistema immunitario fossero entit\u00e0 separate, incapaci di influenzarsi reciprocamente. Per esempio, non c\u2019erano vie che potessero collegare il cervello alle aree del midollo che produco le cellule T (cellule immunitarie), o almeno cos\u00ec si riteneva fino ad allora. L\u2019analogia tra il sistema immunitario e il sistema nervoso riguarda la capacit\u00e0 di autoregolarsi e di controllare la reazione del corpo all\u2019ambiente. Il sistema immunitario, come quello nervoso, pu\u00f2 ricordare, imparare e adattarsi, non in senso cognitivo ma in senso fisiologico. L\u2019interazione tra la mente, il sistema nervoso, e il sistema immunitario fornisce una base fisiologica per l\u2019influenza delle emozioni sulla salute. Questa interazione avviene attraverso un processo energetico all\u2019interno del quale il cervello gioca un ruolo molto significativo. Evidenza della forza di questa interazione porta a concludere che l\u2019esperienza di tensioni da parte del sistema nervoso blocca il funzionamento del sistema immunitario e che le risposte immunitarie possono essere condizionate come il cane di Pavlov imparava a salivare al suono della campanella.<\/p>\n<p>Da allora, l\u2019importante scoperta di Ader ha portato ad una nuova riflessione ai legami tra sistema immunitario e sistema nervoso centrale. La Psiconeuroimmunologia, o PNI che studia questo, \u00e8 ora la frontiera avanzata della scienza medica. Il suo stesso nome riconosce il legame: psico o mente; neuro, per il sistema neuroindocrino (che include il sistema nervoso e quelli ormonali) e immunologia per il sistema immunologico. Questa giovane disciplina medica ha reso abbastanza chiaro che gli stati interiori della persona (emozioni, attitudine psicologica, immaginazione e intenzioni) giocano un ruolo cruciale nella causa e nella cura anche di malattie fisiche. In altre parole, lo stato interiore di una persona \u00e8 l\u2019ingrediente chiave in ogni cura medica che si rispetti. Visualizzazione, affermazione e uso conscio della immaginazione hanno mostrato di giocare un ruolo significativo nella condotta e nella cura della maggior parte delle malattie, e gli esiti dipendono dallo stato emotivo e mentale. La mente e il cervello giocano un ruolo centrale nel processo di condotta e cura di tutte le malattie e nella risoluzione di vari problemi della vita.<\/p>\n<h2>Il mio lavoro e la mia missione &#8211; Un Approccio integrale verso una Vita e Salute Integra<\/h2>\n<p>Il mio lavoro \u00e8 nel campo medico, emozionale, psicologico e sociale per pazienti individuali e per clientela di impresa. Io non lavoro con tecniche motivazionali poich\u00e9 la motivazione \u00e8 soltanto una stimolazione di breve periodo. Il mio lavoro \u00e8 quello di aiutare a attuare un \u201ccambiamento duraturo\u201d affinch\u00e9 la persona possa raggiungere salute integrale, benessere e successo personale. E\u2019 basato su una teoria scientifica e esauriente della relazione di ogni cosa con ogni altra, e all\u2019interno della quale prendo in attenta considerazione il ruolo delle varie energie che sono il fattore fondamentale nelle correlazioni tra ogni cosa. Specialmente nel campo della medicina e nel processo di guarigione, non faccio terapie e non prescrivo medicine. Spiego e insegno cosa una persona pu\u00f2 fare per raggiungere la sua personale e duratura soddisfazione, successo, salute e benessere. La mia \u00e8 una visione che va al di l\u00e0 della sapienza accademica e delle convenzionali pratiche mediche. In altre parole \u00e8 un approccio integrale basato sulla conoscenza e il trasferimento di conoscenza. Mira a dare alla persona un totale controllo su se stesso.<\/p>\n<h2>Per clienti e pazienti individuali<\/h2>\n<p>Dato che ogni cosa nell\u2019universo \u00e8 correlata ad ogni altra attraverso le energie interiori personali e cosmiche, \u00e8 imperativo che il nostro approccio nel risolvere tutti i problemi, non solo nel campo sanitario e del benessere ma in generale (industriali, economici, sociali, politici, ecc.) sia un approccio integrale o olistico: un approccio che cerchi di capire questo nostro universo cosmico e materiale nella sua totalit\u00e0, un approccio che includa e integri la comprensione, la manipolazione e soprattutto l\u2019applicazione delle energie occulte (invisibili all\u2019occhio umano) personali e cosmiche interessate nel processo di conseguimento o realizzazione di quello a cui aspira l\u2019essere umano. I processi mentali di pensiero, di volont\u00e0 o di motivazione, per esempio, sono<br \/>\npuri fenomeni occulti energetici. Definitivamente un simile approccio \u00e8 anche pi\u00f9 efficace ed perci\u00f2 molto pi\u00f9 efficiente dal punto di vista economico.<\/p>\n<p>La Psiconeuroimmunologia \u00e8 la prima scienza medica che ha ricondotto all\u2019interno della medicina un approccio integrale o olistico nel trattamento dei pazienti. La medicina ortodossa o convenzionale si occupa quasi esclusivamente dell\u2019organismo fisico usando un intervento fisico: chirurgia, farmaci, e modificazioni comportamentali. La medicina, come viene in genere praticata, crede essenzialmente nelle cause fisiche della malattia e quindi prescrive essenzialmente interventi fisici. Ma l\u2019approccio integrale o olistico afferma che ogni evento fisico ha pi\u00f9 di una causa fisica o organica e cio\u00e8 lo stato interiore di coscienza, le emozioni e gli stati d\u2019animo di un individuo, la sua cultura o punto di vista, la sua struttura sociale e ambientale. L\u2019approccio<br \/>\nintegrale o olistico fa ben al di l\u00e0 del fatto che un individuo sia fisicamente sano. Ha a che fare non solo con il corpo fisico ma anche con la mente, la materia, l\u2019anima, lo spirito, l\u2019interazione sociale e l\u2019ambiente intorno all\u2019individuo.<\/p>\n<h2>Per l\u2019Industria e i Clienti Corporate<\/h2>\n<p>Fornisco consultazioni, consulenze, servizi di coaching e training a managers e impiegati di multinazionali, impresa e commercio. Il principale obiettivo del mio coinvolgimento con questi clienti \u00e8 aiutarli a raggiungere un successo ottimale in termini di produttivit\u00e0, qualit\u00e0, riduzione dei costi, di profitti, attraverso una robusta e integralmente sana forza lavoro. Poich\u00e9 persino nel mondo finanziario ed economico ogni cosa \u00e8 correlata ad ogni altra, \u00e8 evidente che una forza lavoro che goda di uno stato integrale di salute e soddisfazione nella vita, incrementer\u00e0 i profitti attraverso una pi\u00f9 alta produttivit\u00e0 e qualit\u00e0, costi operativi minori e attraverso una significativa riduzione del tasso di malattia e di assenteismo.<\/p>\n<p>Infine, il mio lavoro \u00e8 la mia missione nella vita, volta ad aiutare le persone a \u201ccessare di soffrire\u201d e ad \u201cincominciare a vivere\u201d e \u201cgioire\u201d della loro vita in totale consapevolezza. La mia opera \u00e8 basata sulla \u201cFilosofia\u201d della Madre e di Sri Aurobindo. Questo \u00e8 il mio modo di vivere e di applicare ci\u00f2 che Essi mi hanno insegnato. Tuttavia, il mio lavoro non ha nulla a che fare con la trasmissione di una \u201csapienza spirituale\u201d ma ha a che fare con l\u2019aiutare la gente a raggiungere ci\u00f2 che personalmente vuole, desidera, cerca e aspira. In altre parole, aiutarla a raggiungere la personale \u201crealizzazione\u201d qui e ora.<\/p>","protected":false},"excerpt":{"rendered":"<p>Il Potere del Cervello Umano e della Mente e un Approccio Integrale o Olistico per avere Salute e Successo nella Vita attraverso la Scienza della Psiconeuroimmunologia. Introduzione L\u2019Umanit\u00e0 sta attraversando un importante periodo di cambiamenti di carattere sociale, politico, emotivo, economico e ambientale. Questo periodo crea esternamente nel mondo materiale uno stato di confusione e [&hellip;]<\/p>\n","protected":false},"author":1,"featured_media":0,"parent":0,"menu_order":0,"comment_status":"closed","ping_status":"closed","template":"","meta":{"_monsterinsights_skip_tracking":false,"_monsterinsights_sitenote_active":false,"_monsterinsights_sitenote_note":"","_monsterinsights_sitenote_category":0},"_links":{"self":[{"href":"https:\/\/psychoneuroimmunologie-madhupatel.de\/it\/wp-json\/wp\/v2\/pages\/71"}],"collection":[{"href":"https:\/\/psychoneuroimmunologie-madhupatel.de\/it\/wp-json\/wp\/v2\/pages"}],"about":[{"href":"https:\/\/psychoneuroimmunologie-madhupatel.de\/it\/wp-json\/wp\/v2\/types\/page"}],"author":[{"embeddable":true,"href":"https:\/\/psychoneuroimmunologie-madhupatel.de\/it\/wp-json\/wp\/v2\/users\/1"}],"replies":[{"embeddable":true,"href":"https:\/\/psychoneuroimmunologie-madhupatel.de\/it\/wp-json\/wp\/v2\/comments?post=71"}],"version-history":[{"count":18,"href":"https:\/\/psychoneuroimmunologie-madhupatel.de\/it\/wp-json\/wp\/v2\/pages\/71\/revisions"}],"predecessor-version":[{"id":150,"href":"https:\/\/psychoneuroimmunologie-madhupatel.de\/it\/wp-json\/wp\/v2\/pages\/71\/revisions\/150"}],"wp:attachment":[{"href":"https:\/\/psychoneuroimmunologie-madhupatel.de\/it\/wp-json\/wp\/v2\/media?parent=71"}],"curies":[{"name":"wp","href":"https:\/\/api.w.org\/{rel}","templated":true}]}}